{"id":577,"date":"2023-01-28T12:44:46","date_gmt":"2023-01-28T11:44:46","guid":{"rendered":"https:\/\/permanence-osteo.ch\/chatel-st-denis\/"},"modified":"2023-02-14T18:39:22","modified_gmt":"2023-02-14T17:39:22","slug":"chatel-st-denis","status":"publish","type":"page","link":"https:\/\/permanence-osteo.ch\/en\/chatel-st-denis\/","title":{"rendered":"Ch\u00e2tel-St-Denis"},"content":{"rendered":"<p>[et_pb_section fb_built=&#8221;1&#8243; _builder_version=&#8221;4.19.5&#8243; _module_preset=&#8221;default&#8221; min_height=&#8221;240px&#8221; global_colors_info=&#8221;{}&#8221;][et_pb_row column_structure=&#8221;1_4,3_4&#8243; make_equal=&#8221;on&#8221; _builder_version=&#8221;4.19.5&#8243; _module_preset=&#8221;default&#8221; global_colors_info=&#8221;{}&#8221;][et_pb_column type=&#8221;1_4&#8243; _builder_version=&#8221;4.19.5&#8243; _module_preset=&#8221;default&#8221; global_colors_info=&#8221;{}&#8221;][et_pb_image src=&#8221;https:\/\/permanence-osteo.ch\/wp-content\/uploads\/2023\/01\/PermanenceOsteo-ChatelStDenis.jpg&#8221; alt=&#8221;PermanenceOsteo-ChatelStDenis&#8221; title_text=&#8221;PermanenceOsteo-ChatelStDenis&#8221; _builder_version=&#8221;4.19.5&#8243; _module_preset=&#8221;default&#8221; global_colors_info=&#8221;{}&#8221;][\/et_pb_image][\/et_pb_column][et_pb_column type=&#8221;3_4&#8243; _builder_version=&#8221;4.19.5&#8243; _module_preset=&#8221;default&#8221; global_colors_info=&#8221;{}&#8221;][et_pb_cta title=&#8221;Permanence-Osteo.ch &#8211; Ch\u00e2tel-St-Denis&#8221; button_text=&#8221;Clicks&#8221; _builder_version=&#8221;4.19.5&#8243; _module_preset=&#8221;default&#8221; custom_padding=&#8221;||23px|||&#8221; global_colors_info=&#8221;{}&#8221;]<\/p>\n<p>Your osteopath available in Ch\u00e2tel-St-Denis<\/p>\n<p>[\/et_pb_cta][\/et_pb_column][\/et_pb_row][\/et_pb_section][et_pb_section fb_built=&#8221;1&#8243; _builder_version=&#8221;4.19.5&#8243; _module_preset=&#8221;default&#8221; custom_padding=&#8221;0px||25px|||&#8221; saved_tabs=&#8221;all&#8221; global_colors_info=&#8221;{}&#8221; global_module=&#8221;727&#8243; theme_builder_area=&#8221;post_content&#8221;][et_pb_row _builder_version=&#8221;4.19.5&#8243; _module_preset=&#8221;default&#8221; global_colors_info=&#8221;{}&#8221; theme_builder_area=&#8221;post_content&#8221;][et_pb_column type=&#8221;4_4&#8243; _builder_version=&#8221;4.19.5&#8243; _module_preset=&#8221;default&#8221; global_colors_info=&#8221;{}&#8221; theme_builder_area=&#8221;post_content&#8221;][et_pb_slider use_bg_overlay=&#8221;on&#8221; use_text_overlay=&#8221;on&#8221; _builder_version=&#8221;4.19.5&#8243; _module_preset=&#8221;default&#8221; background_image=&#8221;https:\/\/permanence-osteo.ch\/wp-content\/uploads\/2023\/01\/LaVeveyse-1024&#215;768.jpeg&#8221; global_colors_info=&#8221;{}&#8221; theme_builder_area=&#8221;post_content&#8221;][et_pb_slide heading=&#8221;Espace Sant\u00e9 &#8211; La Veveyse&#8221; button_text=&#8221;Make an appointment&#8221; button_link=&#8221;#onedoc&#8221; _builder_version=&#8221;4.19.5&#8243; _module_preset=&#8221;default&#8221; global_colors_info=&#8221;{}&#8221; sticky_transition=&#8221;on&#8221; theme_builder_area=&#8221;post_content&#8221;]<\/p>\n<p>Route de Vevey 5, 1618 Ch\u00e2tel-St-Denis<\/p>\n<p>[\/et_pb_slide][\/et_pb_slider][\/et_pb_column][\/et_pb_row][et_pb_row module_id=&#8221;onedoc&#8221; _builder_version=&#8221;4.19.5&#8243; _module_preset=&#8221;default&#8221; global_colors_info=&#8221;{}&#8221; theme_builder_area=&#8221;post_content&#8221;][et_pb_column type=&#8221;4_4&#8243; _builder_version=&#8221;4.19.5&#8243; _module_preset=&#8221;default&#8221; global_colors_info=&#8221;{}&#8221; theme_builder_area=&#8221;post_content&#8221;][et_pb_code _builder_version=&#8221;4.19.5&#8243; _module_preset=&#8221;default&#8221; global_colors_info=&#8221;{}&#8221; theme_builder_area=&#8221;post_content&#8221;]<script>window.addEventListener(\"message\",function(t){var e=t.data[\"od-widget-id\"],d=t.data[\"od-widget-height\"],a=t.data[\"od-widget-ios\"];if(e){var i=document.getElementById(\"od-widget-\"+e);d&&(i.style.height=d+\"px\"),!0===a&&(i.style.width=\"100px\",i.style[\"min-width\"]=\"100%\",i.scrolling=\"no\")}}),window.addEventListener(\"load\",function(t){for(var e=document.querySelectorAll(\"iframe.od-widget\"),d=0;d<e.length;d++){var a=e[d];a.dataset&#038;&#038;a.dataset.src&#038;&#038;(a.src=a.dataset.src)}});<\/script><iframe class=\"od-widget\" id=\"od-widget-662bb23f12b0004a31bfb9facaa74ed688c8a0e7cd9a047c6d7127668aeaf16c\" src=\"about:blank\" data-src=\"https:\/\/www.onedoc.ch\/en\/widget\/662bb23f12b0004a31bfb9facaa74ed688c8a0e7cd9a047c6d7127668aeaf16c\" frameborder=\"0\" style=\"width:100%;max-width:100%;height:400px\"><\/iframe>[\/et_pb_code][et_pb_toggle title=\"Rates\" _builder_version=\"4.19.5\" _module_preset=\"default\" global_colors_info=\"{}\" theme_builder_area=\"post_content\"]<\/p>\n<p>130chf \/ 50 minutes. Covered by supplementary insurance.<\/p>\n<p>Accepted payment methods: Twint, Cash<\/p>\n<p>[\/et_pb_toggle][et_pb_toggle title=\"Access\" open=\"on\" _builder_version=\"4.19.5\" _module_preset=\"default\" global_colors_info=\"{}\" theme_builder_area=\"post_content\"]<iframe src=\"https:\/\/www.google.com\/maps\/embed?pb=!1m18!1m12!1m3!1d2745.060649863203!2d6.898890951461652!3d46.526701669835894!2m3!1f0!2f0!3f0!3m2!1i1024!2i768!4f13.1!3m3!1m2!1s0x478e8595a382aea9%3A0xa922a3a80be87cbd!2sEspace%20Sant%C3%A9%20-%20La%20Veveyse!5e0!3m2!1sfr!2sch!4v1674990857849!5m2!1sfr!2sch\" width=\"800\" height=\"600\" style=\"border:0;\" allowfullscreen=\"\" loading=\"lazy\" referrerpolicy=\"no-referrer-when-downgrade\"><\/iframe>[\/et_pb_toggle][et_pb_button button_url=\"https:\/\/osteopathe-chatel.ch\" button_text=\"More info on Osteopath-Chatel.ch\" _builder_version=\"4.19.5\" _module_preset=\"default\" custom_button=\"on\" button_text_color=\"#d67aef\" global_colors_info=\"{}\" theme_builder_area=\"post_content\"][\/et_pb_button][\/et_pb_column][\/et_pb_row][et_pb_row _builder_version=\"4.19.5\" _module_preset=\"default\" global_colors_info=\"{}\" theme_builder_area=\"post_content\"][et_pb_column type=\"4_4\" _builder_version=\"4.19.5\" _module_preset=\"default\" global_colors_info=\"{}\" theme_builder_area=\"post_content\"][et_pb_divider _builder_version=\"4.19.5\" _module_preset=\"default\" global_colors_info=\"{}\" theme_builder_area=\"post_content\"][\/et_pb_divider][\/et_pb_column][\/et_pb_row][et_pb_row _builder_version=\"4.19.5\" _module_preset=\"default\" global_colors_info=\"{}\" theme_builder_area=\"post_content\"][et_pb_column type=\"4_4\" _builder_version=\"4.19.5\" _module_preset=\"default\" global_colors_info=\"{}\" theme_builder_area=\"post_content\"][et_pb_text _builder_version=\"4.19.5\" _module_preset=\"default\" global_colors_info=\"{}\" theme_builder_area=\"post_content\"]<\/p>\n<h1>Next solution (7 days a week):<\/h1>\n<p>[\/et_pb_text][\/et_pb_column][\/et_pb_row][et_pb_row _builder_version=\"4.19.5\" _module_preset=\"default\" global_colors_info=\"{}\" theme_builder_area=\"post_content\"][et_pb_column type=\"4_4\" _builder_version=\"4.19.5\" _module_preset=\"default\" global_colors_info=\"{}\" theme_builder_area=\"post_content\"][et_pb_slider use_bg_overlay=\"on\" use_text_overlay=\"on\" _builder_version=\"4.19.5\" _module_preset=\"default\" background_image=\"https:\/\/permanence-osteo.ch\/wp-content\/uploads\/2023\/01\/SGO.jpg\" locked=\"off\" global_colors_info=\"{}\" theme_builder_area=\"post_content\"][et_pb_slide heading=\"Osteopathic On-Call Service - Riviera Chablais\" button_text=\"0848 344 344\" button_link=\"tel:0848344344\" _builder_version=\"4.19.5\" _module_preset=\"default\" locked=\"off\" global_colors_info=\"{}\" sticky_transition=\"on\" theme_builder_area=\"post_content\"]<\/p>\n<p>365 days a year, a practice is on call. We also answer your calls on weekends and holidays. The offices are located in Vevey, Montreux, La Tour-de-Peilz, Ch\u00e2tel-St-Denis.<\/p>\n<p>[\/et_pb_slide][\/et_pb_slider][et_pb_button button_url=\"https:\/\/sgo-riviera-chablais.ch\" button_text=\"More info on sgo-riviera-chablais.ch\" _builder_version=\"4.19.5\" _module_preset=\"default\" global_colors_info=\"{}\" theme_builder_area=\"post_content\"][\/et_pb_button][\/et_pb_column][\/et_pb_row][\/et_pb_section][et_pb_section fb_built=\"1\" _builder_version=\"4.19.5\" _module_preset=\"default\" custom_padding=\"12px|||||\" global_colors_info=\"{}\"][et_pb_row _builder_version=\"4.19.5\" _module_preset=\"default\" global_colors_info=\"{}\"][et_pb_column type=\"4_4\" _builder_version=\"4.19.5\" _module_preset=\"default\" global_colors_info=\"{}\"][et_pb_text _builder_version=\"4.19.5\" _module_preset=\"default\" global_colors_info=\"{}\"]<\/p>\n<p>Osteopathic Permanence in Ch\u00e2tel-St-Denis: A Natural Care for your Well-being<\/p>\n<p>In Ch\u00e2tel-Saint-Denis, the osteopathic office offers quality care to improve your health and well-being. Qualified osteopaths use a holistic approach to assess the body as a whole and determine the root causes of health problems. Using gentle body manipulation techniques, they work with patients to improve mobility, function and overall well-being.<\/p>\n<p>The Ch\u00e2tel-St-Denis osteopathic office offers safe and minimally invasive treatments to relieve joint pain, digestive disorders, headaches and posture problems. It can also help strengthen the immune system, improve internal organ function and prevent injury.<\/p>\n<p>Osteopaths in Chatel-Saint-Denis are trained to work with a variety of health problems and are here to help you achieve your best health and well-being. They develop personalized treatment plans for each patient, taking into account their unique needs and health goals.<\/p>\n<p>If you are looking for a natural solution to manage your ailments, the osteopathic office in Ch\u00e2tel-St-Denis is there for you. Make an appointment now to enjoy the benefits of osteopathy and improve your health and well-being.<\/p>\n<p>[\/et_pb_text][\/et_pb_column][\/et_pb_row][\/et_pb_section]<\/p>\n","protected":false},"excerpt":{"rendered":"<p>Ch\u00e2tel-Saint-Denis is a Swiss town and municipality in the canton of Fribourg, capital of the Veveyse district.<\/p>\n","protected":false},"author":1,"featured_media":569,"parent":0,"menu_order":0,"comment_status":"closed","ping_status":"closed","template":"","meta":{"_et_pb_use_builder":"on","_et_pb_old_content":"","_et_gb_content_width":"","footnotes":""},"class_list":["post-577","page","type-page","status-publish","has-post-thumbnail","hentry"],"yoast_head":"<!-- This site is optimized with the Yoast SEO plugin v27.4 - https:\/\/yoast.com\/product\/yoast-seo-wordpress\/ -->\n<title>Permanence-Osteo.ch \u2014 Ch\u00e2tel-St-Denis<\/title>\n<meta name=\"description\" content=\"Osteopath near Ch\u00e2tel-St-Denis - Online reservations, 7 days a week. - Permanence-Osteo.ch\" \/>\n<meta name=\"robots\" content=\"index, follow, max-snippet:-1, max-image-preview:large, max-video-preview:-1\" \/>\n<link rel=\"canonical\" href=\"https:\/\/permanence-osteo.ch\/en\/chatel-st-denis\/\" \/>\n<meta property=\"og:locale\" content=\"en_US\" \/>\n<meta property=\"og:type\" content=\"article\" \/>\n<meta property=\"og:title\" content=\"Permanence-Osteo.ch \u2014 Ch\u00e2tel-St-Denis\" \/>\n<meta property=\"og:description\" content=\"Osteopath near Ch\u00e2tel-St-Denis - Online reservations, 7 days a week. - Permanence-Osteo.ch\" \/>\n<meta property=\"og:url\" content=\"https:\/\/permanence-osteo.ch\/en\/chatel-st-denis\/\" \/>\n<meta property=\"og:site_name\" content=\"Permanence-Osteo.ch\" \/>\n<meta property=\"article:modified_time\" content=\"2023-02-14T17:39:22+00:00\" \/>\n<meta property=\"og:image\" content=\"https:\/\/permanence-osteo.ch\/wp-content\/uploads\/2023\/01\/PermanenceOsteo-ChatelStDenis.jpg\" \/>\n\t<meta property=\"og:image:width\" content=\"800\" \/>\n\t<meta property=\"og:image:height\" content=\"500\" \/>\n\t<meta property=\"og:image:type\" content=\"image\/jpeg\" \/>\n<meta name=\"twitter:card\" content=\"summary_large_image\" \/>\n<meta name=\"twitter:label1\" content=\"Est. reading time\" \/>\n\t<meta name=\"twitter:data1\" content=\"5 minutes\" \/>\n<script type=\"application\/ld+json\" class=\"yoast-schema-graph\">{\"@context\":\"https:\\\/\\\/schema.org\",\"@graph\":[{\"@type\":\"WebPage\",\"@id\":\"https:\\\/\\\/permanence-osteo.ch\\\/en\\\/chatel-st-denis\\\/\",\"url\":\"https:\\\/\\\/permanence-osteo.ch\\\/en\\\/chatel-st-denis\\\/\",\"name\":\"Permanence-Osteo.ch \u2014 Ch\u00e2tel-St-Denis\",\"isPartOf\":{\"@id\":\"https:\\\/\\\/permanence-osteo.ch\\\/en\\\/#website\"},\"primaryImageOfPage\":{\"@id\":\"https:\\\/\\\/permanence-osteo.ch\\\/en\\\/chatel-st-denis\\\/#primaryimage\"},\"image\":{\"@id\":\"https:\\\/\\\/permanence-osteo.ch\\\/en\\\/chatel-st-denis\\\/#primaryimage\"},\"thumbnailUrl\":\"https:\\\/\\\/permanence-osteo.ch\\\/wp-content\\\/uploads\\\/2023\\\/01\\\/PermanenceOsteo-ChatelStDenis.jpg\",\"datePublished\":\"2023-01-28T11:44:46+00:00\",\"dateModified\":\"2023-02-14T17:39:22+00:00\",\"description\":\"Osteopath near Ch\u00e2tel-St-Denis - Online reservations, 7 days a week. - Permanence-Osteo.ch\",\"breadcrumb\":{\"@id\":\"https:\\\/\\\/permanence-osteo.ch\\\/en\\\/chatel-st-denis\\\/#breadcrumb\"},\"inLanguage\":\"en-US\",\"potentialAction\":[{\"@type\":\"ReadAction\",\"target\":[\"https:\\\/\\\/permanence-osteo.ch\\\/en\\\/chatel-st-denis\\\/\"]}]},{\"@type\":\"ImageObject\",\"inLanguage\":\"en-US\",\"@id\":\"https:\\\/\\\/permanence-osteo.ch\\\/en\\\/chatel-st-denis\\\/#primaryimage\",\"url\":\"https:\\\/\\\/permanence-osteo.ch\\\/wp-content\\\/uploads\\\/2023\\\/01\\\/PermanenceOsteo-ChatelStDenis.jpg\",\"contentUrl\":\"https:\\\/\\\/permanence-osteo.ch\\\/wp-content\\\/uploads\\\/2023\\\/01\\\/PermanenceOsteo-ChatelStDenis.jpg\",\"width\":800,\"height\":500,\"caption\":\"PermanenceOsteo-ChatelStDenis\"},{\"@type\":\"BreadcrumbList\",\"@id\":\"https:\\\/\\\/permanence-osteo.ch\\\/en\\\/chatel-st-denis\\\/#breadcrumb\",\"itemListElement\":[{\"@type\":\"ListItem\",\"position\":1,\"name\":\"Accueil\",\"item\":\"https:\\\/\\\/permanence-osteo.ch\\\/en\\\/osteopathy-7-days-a-week\\\/\"},{\"@type\":\"ListItem\",\"position\":2,\"name\":\"Ch\u00e2tel-St-Denis\"}]},{\"@type\":\"WebSite\",\"@id\":\"https:\\\/\\\/permanence-osteo.ch\\\/en\\\/#website\",\"url\":\"https:\\\/\\\/permanence-osteo.ch\\\/en\\\/\",\"name\":\"Permanence-Osteo.ch\",\"description\":\"R\u00e9servations 7 jours sur 7 - Votre ost\u00e9opathe pr\u00e8s de chez vous.\",\"publisher\":{\"@id\":\"https:\\\/\\\/permanence-osteo.ch\\\/en\\\/#organization\"},\"potentialAction\":[{\"@type\":\"SearchAction\",\"target\":{\"@type\":\"EntryPoint\",\"urlTemplate\":\"https:\\\/\\\/permanence-osteo.ch\\\/en\\\/?s={search_term_string}\"},\"query-input\":{\"@type\":\"PropertyValueSpecification\",\"valueRequired\":true,\"valueName\":\"search_term_string\"}}],\"inLanguage\":\"en-US\"},{\"@type\":\"Organization\",\"@id\":\"https:\\\/\\\/permanence-osteo.ch\\\/en\\\/#organization\",\"name\":\"Permanence-Osteo.ch\",\"url\":\"https:\\\/\\\/permanence-osteo.ch\\\/en\\\/\",\"logo\":{\"@type\":\"ImageObject\",\"inLanguage\":\"en-US\",\"@id\":\"https:\\\/\\\/permanence-osteo.ch\\\/en\\\/#\\\/schema\\\/logo\\\/image\\\/\",\"url\":\"https:\\\/\\\/permanence-osteo.ch\\\/wp-content\\\/uploads\\\/2023\\\/01\\\/Logo1Carre.png\",\"contentUrl\":\"https:\\\/\\\/permanence-osteo.ch\\\/wp-content\\\/uploads\\\/2023\\\/01\\\/Logo1Carre.png\",\"width\":900,\"height\":900,\"caption\":\"Permanence-Osteo.ch\"},\"image\":{\"@id\":\"https:\\\/\\\/permanence-osteo.ch\\\/en\\\/#\\\/schema\\\/logo\\\/image\\\/\"}}]}<\/script>\n<!-- \/ Yoast SEO plugin. -->","yoast_head_json":{"title":"Permanence-Osteo.ch \u2014 Ch\u00e2tel-St-Denis","description":"Osteopath near Ch\u00e2tel-St-Denis - Online reservations, 7 days a week. - Permanence-Osteo.ch","robots":{"index":"index","follow":"follow","max-snippet":"max-snippet:-1","max-image-preview":"max-image-preview:large","max-video-preview":"max-video-preview:-1"},"canonical":"https:\/\/permanence-osteo.ch\/en\/chatel-st-denis\/","og_locale":"en_US","og_type":"article","og_title":"Permanence-Osteo.ch \u2014 Ch\u00e2tel-St-Denis","og_description":"Osteopath near Ch\u00e2tel-St-Denis - Online reservations, 7 days a week. - Permanence-Osteo.ch","og_url":"https:\/\/permanence-osteo.ch\/en\/chatel-st-denis\/","og_site_name":"Permanence-Osteo.ch","article_modified_time":"2023-02-14T17:39:22+00:00","og_image":[{"width":800,"height":500,"url":"https:\/\/permanence-osteo.ch\/wp-content\/uploads\/2023\/01\/PermanenceOsteo-ChatelStDenis.jpg","type":"image\/jpeg"}],"twitter_card":"summary_large_image","twitter_misc":{"Est. reading time":"5 minutes"},"schema":{"@context":"https:\/\/schema.org","@graph":[{"@type":"WebPage","@id":"https:\/\/permanence-osteo.ch\/en\/chatel-st-denis\/","url":"https:\/\/permanence-osteo.ch\/en\/chatel-st-denis\/","name":"Permanence-Osteo.ch \u2014 Ch\u00e2tel-St-Denis","isPartOf":{"@id":"https:\/\/permanence-osteo.ch\/en\/#website"},"primaryImageOfPage":{"@id":"https:\/\/permanence-osteo.ch\/en\/chatel-st-denis\/#primaryimage"},"image":{"@id":"https:\/\/permanence-osteo.ch\/en\/chatel-st-denis\/#primaryimage"},"thumbnailUrl":"https:\/\/permanence-osteo.ch\/wp-content\/uploads\/2023\/01\/PermanenceOsteo-ChatelStDenis.jpg","datePublished":"2023-01-28T11:44:46+00:00","dateModified":"2023-02-14T17:39:22+00:00","description":"Osteopath near Ch\u00e2tel-St-Denis - Online reservations, 7 days a week. - Permanence-Osteo.ch","breadcrumb":{"@id":"https:\/\/permanence-osteo.ch\/en\/chatel-st-denis\/#breadcrumb"},"inLanguage":"en-US","potentialAction":[{"@type":"ReadAction","target":["https:\/\/permanence-osteo.ch\/en\/chatel-st-denis\/"]}]},{"@type":"ImageObject","inLanguage":"en-US","@id":"https:\/\/permanence-osteo.ch\/en\/chatel-st-denis\/#primaryimage","url":"https:\/\/permanence-osteo.ch\/wp-content\/uploads\/2023\/01\/PermanenceOsteo-ChatelStDenis.jpg","contentUrl":"https:\/\/permanence-osteo.ch\/wp-content\/uploads\/2023\/01\/PermanenceOsteo-ChatelStDenis.jpg","width":800,"height":500,"caption":"PermanenceOsteo-ChatelStDenis"},{"@type":"BreadcrumbList","@id":"https:\/\/permanence-osteo.ch\/en\/chatel-st-denis\/#breadcrumb","itemListElement":[{"@type":"ListItem","position":1,"name":"Accueil","item":"https:\/\/permanence-osteo.ch\/en\/osteopathy-7-days-a-week\/"},{"@type":"ListItem","position":2,"name":"Ch\u00e2tel-St-Denis"}]},{"@type":"WebSite","@id":"https:\/\/permanence-osteo.ch\/en\/#website","url":"https:\/\/permanence-osteo.ch\/en\/","name":"Permanence-Osteo.ch","description":"R\u00e9servations 7 jours sur 7 - Votre ost\u00e9opathe pr\u00e8s de chez vous.","publisher":{"@id":"https:\/\/permanence-osteo.ch\/en\/#organization"},"potentialAction":[{"@type":"SearchAction","target":{"@type":"EntryPoint","urlTemplate":"https:\/\/permanence-osteo.ch\/en\/?s={search_term_string}"},"query-input":{"@type":"PropertyValueSpecification","valueRequired":true,"valueName":"search_term_string"}}],"inLanguage":"en-US"},{"@type":"Organization","@id":"https:\/\/permanence-osteo.ch\/en\/#organization","name":"Permanence-Osteo.ch","url":"https:\/\/permanence-osteo.ch\/en\/","logo":{"@type":"ImageObject","inLanguage":"en-US","@id":"https:\/\/permanence-osteo.ch\/en\/#\/schema\/logo\/image\/","url":"https:\/\/permanence-osteo.ch\/wp-content\/uploads\/2023\/01\/Logo1Carre.png","contentUrl":"https:\/\/permanence-osteo.ch\/wp-content\/uploads\/2023\/01\/Logo1Carre.png","width":900,"height":900,"caption":"Permanence-Osteo.ch"},"image":{"@id":"https:\/\/permanence-osteo.ch\/en\/#\/schema\/logo\/image\/"}}]}},"_links":{"self":[{"href":"https:\/\/permanence-osteo.ch\/en\/wp-json\/wp\/v2\/pages\/577","targetHints":{"allow":["GET"]}}],"collection":[{"href":"https:\/\/permanence-osteo.ch\/en\/wp-json\/wp\/v2\/pages"}],"about":[{"href":"https:\/\/permanence-osteo.ch\/en\/wp-json\/wp\/v2\/types\/page"}],"author":[{"embeddable":true,"href":"https:\/\/permanence-osteo.ch\/en\/wp-json\/wp\/v2\/users\/1"}],"replies":[{"embeddable":true,"href":"https:\/\/permanence-osteo.ch\/en\/wp-json\/wp\/v2\/comments?post=577"}],"version-history":[{"count":14,"href":"https:\/\/permanence-osteo.ch\/en\/wp-json\/wp\/v2\/pages\/577\/revisions"}],"predecessor-version":[{"id":729,"href":"https:\/\/permanence-osteo.ch\/en\/wp-json\/wp\/v2\/pages\/577\/revisions\/729"}],"wp:featuredmedia":[{"embeddable":true,"href":"https:\/\/permanence-osteo.ch\/en\/wp-json\/wp\/v2\/media\/569"}],"wp:attachment":[{"href":"https:\/\/permanence-osteo.ch\/en\/wp-json\/wp\/v2\/media?parent=577"}],"curies":[{"name":"wp","href":"https:\/\/api.w.org\/{rel}","templated":true}]}}