{"id":607,"date":"2023-01-27T16:45:47","date_gmt":"2023-01-27T15:45:47","guid":{"rendered":"https:\/\/permanence-osteo.ch\/clarens\/"},"modified":"2023-02-14T18:34:18","modified_gmt":"2023-02-14T17:34:18","slug":"clarens","status":"publish","type":"page","link":"https:\/\/permanence-osteo.ch\/en\/clarens\/","title":{"rendered":"Clarens"},"content":{"rendered":"<p>[et_pb_section fb_built=&#8221;1&#8243; _builder_version=&#8221;4.19.5&#8243; _module_preset=&#8221;default&#8221; min_height=&#8221;240px&#8221; global_colors_info=&#8221;{}&#8221;][et_pb_row column_structure=&#8221;1_4,3_4&#8243; make_equal=&#8221;on&#8221; _builder_version=&#8221;4.19.5&#8243; _module_preset=&#8221;default&#8221; global_colors_info=&#8221;{}&#8221;][et_pb_column type=&#8221;1_4&#8243; _builder_version=&#8221;4.19.5&#8243; _module_preset=&#8221;default&#8221; global_colors_info=&#8221;{}&#8221;][et_pb_image src=&#8221;https:\/\/permanence-osteo.ch\/wp-content\/uploads\/2023\/01\/PermanenceOsteo-Clarens.jpg&#8221; alt=&#8221;PermanenceOsteo-Clarens&#8221; title_text=&#8221;PermanenceOsteo-Clarens&#8221; _builder_version=&#8221;4.19.5&#8243; _module_preset=&#8221;default&#8221; global_colors_info=&#8221;{}&#8221;][\/et_pb_image][\/et_pb_column][et_pb_column type=&#8221;3_4&#8243; _builder_version=&#8221;4.19.5&#8243; _module_preset=&#8221;default&#8221; global_colors_info=&#8221;{}&#8221;][et_pb_cta title=&#8221;Permanence-Osteo.ch &#8211; Clarens&#8221; button_text=&#8221;Clicks&#8221; _builder_version=&#8221;4.19.5&#8243; _module_preset=&#8221;default&#8221; custom_padding=&#8221;||23px|||&#8221; global_colors_info=&#8221;{}&#8221;]<\/p>\n<p>Your osteopath available near Clarens<\/p>\n<p>[\/et_pb_cta][\/et_pb_column][\/et_pb_row][\/et_pb_section][et_pb_section fb_built=&#8221;1&#8243; _builder_version=&#8221;4.19.5&#8243; _module_preset=&#8221;default&#8221; custom_padding=&#8221;0px||25px|||&#8221; global_colors_info=&#8221;{}&#8221; global_module=&#8221;721&#8243; saved_tabs=&#8221;all&#8221;][et_pb_row _builder_version=&#8221;4.19.5&#8243; _module_preset=&#8221;default&#8221; global_colors_info=&#8221;{}&#8221;][et_pb_column type=&#8221;4_4&#8243; _builder_version=&#8221;4.19.5&#8243; _module_preset=&#8221;default&#8221; global_colors_info=&#8221;{}&#8221;][et_pb_slider use_bg_overlay=&#8221;on&#8221; use_text_overlay=&#8221;on&#8221; _builder_version=&#8221;4.19.5&#8243; _module_preset=&#8221;default&#8221; background_image=&#8221;https:\/\/permanence-osteo.ch\/wp-content\/uploads\/2023\/01\/LesAteliers.jpg&#8221; global_colors_info=&#8221;{}&#8221;][et_pb_slide heading=&#8221;Espace Sant\u00e9 &#8211; Les Ateliers&#8221; button_text=&#8221;Make an appointment&#8221; button_link=&#8221;#onedoc&#8221; _builder_version=&#8221;4.19.5&#8243; _module_preset=&#8221;default&#8221; global_colors_info=&#8221;{}&#8221; sticky_transition=&#8221;on&#8221;]<\/p>\n<p>Rue des Deux-Gares 6B, 1800 Vevey<\/p>\n<p>[\/et_pb_slide][\/et_pb_slider][\/et_pb_column][\/et_pb_row][et_pb_row module_id=&#8221;onedoc&#8221; _builder_version=&#8221;4.19.5&#8243; _module_preset=&#8221;default&#8221; global_colors_info=&#8221;{}&#8221;][et_pb_column type=&#8221;4_4&#8243; _builder_version=&#8221;4.19.5&#8243; _module_preset=&#8221;default&#8221; global_colors_info=&#8221;{}&#8221;][et_pb_code _builder_version=&#8221;4.19.5&#8243; _module_preset=&#8221;default&#8221; global_colors_info=&#8221;{}&#8221;]<script>window.addEventListener(\"message\",function(t){var e=t.data[\"od-widget-id\"],d=t.data[\"od-widget-height\"],a=t.data[\"od-widget-ios\"];if(e){var i=document.getElementById(\"od-widget-\"+e);d&&(i.style.height=d+\"px\"),!0===a&&(i.style.width=\"100px\",i.style[\"min-width\"]=\"100%\",i.scrolling=\"no\")}}),window.addEventListener(\"load\",function(t){for(var e=document.querySelectorAll(\"iframe.od-widget\"),d=0;d<e.length;d++){var a=e[d];a.dataset&#038;&#038;a.dataset.src&#038;&#038;(a.src=a.dataset.src)}});<\/script><iframe class=\"od-widget\" id=\"od-widget-4dcf8e089907511a6ded25147e57af0d28288938228c58317a945d7c9d4d3119\" src=\"about:blank\" data-src=\"https:\/\/www.onedoc.ch\/en\/widget\/4dcf8e089907511a6ded25147e57af0d28288938228c58317a945d7c9d4d3119\" frameborder=\"0\" style=\"width:100%;max-width:100%;height:400px\"><\/iframe>[\/et_pb_code][et_pb_toggle title=\"Rates\" _builder_version=\"4.19.5\" _module_preset=\"default\" global_colors_info=\"{}\"]<\/p>\n<p>130chf \/ 50 minutes. Covered by supplementary insurance.<\/p>\n<p>Accepted payment methods: Twint, Cash<\/p>\n<p>[\/et_pb_toggle][et_pb_toggle title=\"Access\" open=\"on\" _builder_version=\"4.19.5\" _module_preset=\"default\" global_colors_info=\"{}\"]<iframe src=\"https:\/\/www.google.com\/maps\/embed?pb=!1m18!1m12!1m3!1d2748.2141167485433!2d6.840680951460235!3d46.46426667407341!2m3!1f0!2f0!3f0!3m2!1i1024!2i768!4f13.1!3m3!1m2!1s0x478e9def851dedc7%3A0x2da2d8374090433c!2sEspace%20Sant%C3%A9%20-%20Les%20Ateliers!5e0!3m2!1sfr!2sch!4v1674988766045!5m2!1sfr!2sch\" width=\"800\" height=\"600\" style=\"border:0;\" allowfullscreen=\"\" loading=\"lazy\" referrerpolicy=\"no-referrer-when-downgrade\"><\/iframe>[\/et_pb_toggle][et_pb_button button_url=\"https:\/\/osteopathe-vevey.ch\" button_text=\"More information on Osteopath-Vevey.ch\" _builder_version=\"4.19.5\" _module_preset=\"default\" global_colors_info=\"{}\"][\/et_pb_button][et_pb_divider _builder_version=\"4.19.5\" _module_preset=\"default\" global_colors_info=\"{}\"][\/et_pb_divider][et_pb_text _builder_version=\"4.19.5\" _module_preset=\"default\" global_colors_info=\"{}\"]<\/p>\n<h1>Next solution (7 days a week):<\/h1>\n<p>&nbsp;<\/p>\n<p>[\/et_pb_text][et_pb_slider use_bg_overlay=\"on\" use_text_overlay=\"on\" _builder_version=\"4.19.5\" _module_preset=\"default\" background_image=\"https:\/\/permanence-osteo.ch\/wp-content\/uploads\/2023\/01\/SGO.jpg\" global_colors_info=\"{}\"][et_pb_slide heading=\"Osteopathic On-Call Service - Riviera Chablais\" button_text=\"0848 344 344\" button_link=\"tel:0848344344\" _builder_version=\"4.19.5\" _module_preset=\"default\" global_colors_info=\"{}\" sticky_transition=\"on\"]<\/p>\n<p>365 days a year, a practice is on call. We also answer your calls on weekends and holidays. The offices are located in Vevey, Montreux, La Tour-de-Peilz, Ch\u00e2tel-St-Denis.<\/p>\n<p>[\/et_pb_slide][\/et_pb_slider][et_pb_button button_url=\"https:\/\/sgo-riviera-chablais.ch\" button_text=\"More info on sgo-riviera-chablais.ch\" _builder_version=\"4.19.5\" _module_preset=\"default\" global_colors_info=\"{}\"][\/et_pb_button][\/et_pb_column][\/et_pb_row][\/et_pb_section][et_pb_section fb_built=\"1\" _builder_version=\"4.19.5\" _module_preset=\"default\" custom_padding=\"12px|||||\" global_colors_info=\"{}\"][et_pb_row _builder_version=\"4.19.5\" _module_preset=\"default\" global_colors_info=\"{}\"][et_pb_column type=\"4_4\" _builder_version=\"4.19.5\" _module_preset=\"default\" global_colors_info=\"{}\"][et_pb_text _builder_version=\"4.19.5\" _module_preset=\"default\" global_colors_info=\"{}\"]Clarens, Switzerland is a place where osteopathy is becoming increasingly popular as a natural treatment for pain and disorders. Osteopaths in Clarens use gentle techniques to help restore mobility and function to body structures, which can relieve pain, improve circulation and the nervous system, and strengthen the immune system. There are many qualified osteopathic practices in Clarens that offer professional services to treat a variety of conditions, such as muscle and joint pain, headaches, digestive disorders and respiratory problems. Osteopaths in Clarens are trained to diagnose underlying health problems and use gentle techniques to help the body heal itself.<br \/>\nOsteopathy in Clarens is a safe and natural treatment option for people seeking an alternative to drugs and invasive surgery.  <\/p>\n<p>If you are looking for pain relief and improvement in your overall health, consult a qualified osteopath in Clarens today.[\/et_pb_text][\/et_pb_column][\/et_pb_row][\/et_pb_section]<\/p>\n","protected":false},"excerpt":{"rendered":"<p>Clarens is a town in the municipality of Montreux in Switzerland located on the Vaud Riviera, on the shores of Lake Geneva and in the foothills of the Fribourg Pre-Alps.<\/p>\n","protected":false},"author":1,"featured_media":564,"parent":0,"menu_order":0,"comment_status":"closed","ping_status":"closed","template":"","meta":{"_et_pb_use_builder":"on","_et_pb_old_content":"","_et_gb_content_width":"","footnotes":""},"class_list":["post-607","page","type-page","status-publish","has-post-thumbnail","hentry"],"yoast_head":"<!-- This site is optimized with the Yoast SEO plugin v27.5 - https:\/\/yoast.com\/product\/yoast-seo-wordpress\/ -->\n<title>Permanence-Osteo.ch \u2014 Clarens<\/title>\n<meta name=\"description\" content=\"Osteopath near Clarens - Online reservations, 7 days a week. - Permanence-Osteo.ch\" \/>\n<meta name=\"robots\" content=\"index, follow, max-snippet:-1, max-image-preview:large, max-video-preview:-1\" \/>\n<link rel=\"canonical\" href=\"https:\/\/permanence-osteo.ch\/en\/clarens\/\" \/>\n<meta property=\"og:locale\" content=\"en_US\" \/>\n<meta property=\"og:type\" content=\"article\" \/>\n<meta property=\"og:title\" content=\"Permanence-Osteo.ch \u2014 Clarens\" \/>\n<meta property=\"og:description\" content=\"Osteopath near Clarens - Online reservations, 7 days a week. - Permanence-Osteo.ch\" \/>\n<meta property=\"og:url\" content=\"https:\/\/permanence-osteo.ch\/en\/clarens\/\" \/>\n<meta property=\"og:site_name\" content=\"Permanence-Osteo.ch\" \/>\n<meta property=\"article:modified_time\" content=\"2023-02-14T17:34:18+00:00\" \/>\n<meta property=\"og:image\" content=\"https:\/\/permanence-osteo.ch\/wp-content\/uploads\/2023\/01\/PermanenceOsteo-Clarens.jpg\" \/>\n\t<meta property=\"og:image:width\" content=\"800\" \/>\n\t<meta property=\"og:image:height\" content=\"500\" \/>\n\t<meta property=\"og:image:type\" content=\"image\/jpeg\" \/>\n<meta name=\"twitter:card\" content=\"summary_large_image\" \/>\n<meta name=\"twitter:label1\" content=\"Est. reading time\" \/>\n\t<meta name=\"twitter:data1\" content=\"4 minutes\" \/>\n<script type=\"application\/ld+json\" class=\"yoast-schema-graph\">{\"@context\":\"https:\\\/\\\/schema.org\",\"@graph\":[{\"@type\":\"WebPage\",\"@id\":\"https:\\\/\\\/permanence-osteo.ch\\\/en\\\/clarens\\\/\",\"url\":\"https:\\\/\\\/permanence-osteo.ch\\\/en\\\/clarens\\\/\",\"name\":\"Permanence-Osteo.ch \u2014 Clarens\",\"isPartOf\":{\"@id\":\"https:\\\/\\\/permanence-osteo.ch\\\/en\\\/#website\"},\"primaryImageOfPage\":{\"@id\":\"https:\\\/\\\/permanence-osteo.ch\\\/en\\\/clarens\\\/#primaryimage\"},\"image\":{\"@id\":\"https:\\\/\\\/permanence-osteo.ch\\\/en\\\/clarens\\\/#primaryimage\"},\"thumbnailUrl\":\"https:\\\/\\\/permanence-osteo.ch\\\/wp-content\\\/uploads\\\/2023\\\/01\\\/PermanenceOsteo-Clarens.jpg\",\"datePublished\":\"2023-01-27T15:45:47+00:00\",\"dateModified\":\"2023-02-14T17:34:18+00:00\",\"description\":\"Osteopath near Clarens - Online reservations, 7 days a week. - Permanence-Osteo.ch\",\"breadcrumb\":{\"@id\":\"https:\\\/\\\/permanence-osteo.ch\\\/en\\\/clarens\\\/#breadcrumb\"},\"inLanguage\":\"en-US\",\"potentialAction\":[{\"@type\":\"ReadAction\",\"target\":[\"https:\\\/\\\/permanence-osteo.ch\\\/en\\\/clarens\\\/\"]}]},{\"@type\":\"ImageObject\",\"inLanguage\":\"en-US\",\"@id\":\"https:\\\/\\\/permanence-osteo.ch\\\/en\\\/clarens\\\/#primaryimage\",\"url\":\"https:\\\/\\\/permanence-osteo.ch\\\/wp-content\\\/uploads\\\/2023\\\/01\\\/PermanenceOsteo-Clarens.jpg\",\"contentUrl\":\"https:\\\/\\\/permanence-osteo.ch\\\/wp-content\\\/uploads\\\/2023\\\/01\\\/PermanenceOsteo-Clarens.jpg\",\"width\":800,\"height\":500,\"caption\":\"PermanenceOsteo-Clarens\"},{\"@type\":\"BreadcrumbList\",\"@id\":\"https:\\\/\\\/permanence-osteo.ch\\\/en\\\/clarens\\\/#breadcrumb\",\"itemListElement\":[{\"@type\":\"ListItem\",\"position\":1,\"name\":\"Accueil\",\"item\":\"https:\\\/\\\/permanence-osteo.ch\\\/en\\\/osteopathy-7-days-a-week\\\/\"},{\"@type\":\"ListItem\",\"position\":2,\"name\":\"Clarens\"}]},{\"@type\":\"WebSite\",\"@id\":\"https:\\\/\\\/permanence-osteo.ch\\\/en\\\/#website\",\"url\":\"https:\\\/\\\/permanence-osteo.ch\\\/en\\\/\",\"name\":\"Permanence-Osteo.ch\",\"description\":\"R\u00e9servations 7 jours sur 7 - Votre ost\u00e9opathe pr\u00e8s de chez vous.\",\"publisher\":{\"@id\":\"https:\\\/\\\/permanence-osteo.ch\\\/en\\\/#organization\"},\"potentialAction\":[{\"@type\":\"SearchAction\",\"target\":{\"@type\":\"EntryPoint\",\"urlTemplate\":\"https:\\\/\\\/permanence-osteo.ch\\\/en\\\/?s={search_term_string}\"},\"query-input\":{\"@type\":\"PropertyValueSpecification\",\"valueRequired\":true,\"valueName\":\"search_term_string\"}}],\"inLanguage\":\"en-US\"},{\"@type\":\"Organization\",\"@id\":\"https:\\\/\\\/permanence-osteo.ch\\\/en\\\/#organization\",\"name\":\"Permanence-Osteo.ch\",\"url\":\"https:\\\/\\\/permanence-osteo.ch\\\/en\\\/\",\"logo\":{\"@type\":\"ImageObject\",\"inLanguage\":\"en-US\",\"@id\":\"https:\\\/\\\/permanence-osteo.ch\\\/en\\\/#\\\/schema\\\/logo\\\/image\\\/\",\"url\":\"https:\\\/\\\/permanence-osteo.ch\\\/wp-content\\\/uploads\\\/2023\\\/01\\\/Logo1Carre.png\",\"contentUrl\":\"https:\\\/\\\/permanence-osteo.ch\\\/wp-content\\\/uploads\\\/2023\\\/01\\\/Logo1Carre.png\",\"width\":900,\"height\":900,\"caption\":\"Permanence-Osteo.ch\"},\"image\":{\"@id\":\"https:\\\/\\\/permanence-osteo.ch\\\/en\\\/#\\\/schema\\\/logo\\\/image\\\/\"}}]}<\/script>\n<!-- \/ Yoast SEO plugin. -->","yoast_head_json":{"title":"Permanence-Osteo.ch \u2014 Clarens","description":"Osteopath near Clarens - Online reservations, 7 days a week. - Permanence-Osteo.ch","robots":{"index":"index","follow":"follow","max-snippet":"max-snippet:-1","max-image-preview":"max-image-preview:large","max-video-preview":"max-video-preview:-1"},"canonical":"https:\/\/permanence-osteo.ch\/en\/clarens\/","og_locale":"en_US","og_type":"article","og_title":"Permanence-Osteo.ch \u2014 Clarens","og_description":"Osteopath near Clarens - Online reservations, 7 days a week. - Permanence-Osteo.ch","og_url":"https:\/\/permanence-osteo.ch\/en\/clarens\/","og_site_name":"Permanence-Osteo.ch","article_modified_time":"2023-02-14T17:34:18+00:00","og_image":[{"width":800,"height":500,"url":"https:\/\/permanence-osteo.ch\/wp-content\/uploads\/2023\/01\/PermanenceOsteo-Clarens.jpg","type":"image\/jpeg"}],"twitter_card":"summary_large_image","twitter_misc":{"Est. reading time":"4 minutes"},"schema":{"@context":"https:\/\/schema.org","@graph":[{"@type":"WebPage","@id":"https:\/\/permanence-osteo.ch\/en\/clarens\/","url":"https:\/\/permanence-osteo.ch\/en\/clarens\/","name":"Permanence-Osteo.ch \u2014 Clarens","isPartOf":{"@id":"https:\/\/permanence-osteo.ch\/en\/#website"},"primaryImageOfPage":{"@id":"https:\/\/permanence-osteo.ch\/en\/clarens\/#primaryimage"},"image":{"@id":"https:\/\/permanence-osteo.ch\/en\/clarens\/#primaryimage"},"thumbnailUrl":"https:\/\/permanence-osteo.ch\/wp-content\/uploads\/2023\/01\/PermanenceOsteo-Clarens.jpg","datePublished":"2023-01-27T15:45:47+00:00","dateModified":"2023-02-14T17:34:18+00:00","description":"Osteopath near Clarens - Online reservations, 7 days a week. - Permanence-Osteo.ch","breadcrumb":{"@id":"https:\/\/permanence-osteo.ch\/en\/clarens\/#breadcrumb"},"inLanguage":"en-US","potentialAction":[{"@type":"ReadAction","target":["https:\/\/permanence-osteo.ch\/en\/clarens\/"]}]},{"@type":"ImageObject","inLanguage":"en-US","@id":"https:\/\/permanence-osteo.ch\/en\/clarens\/#primaryimage","url":"https:\/\/permanence-osteo.ch\/wp-content\/uploads\/2023\/01\/PermanenceOsteo-Clarens.jpg","contentUrl":"https:\/\/permanence-osteo.ch\/wp-content\/uploads\/2023\/01\/PermanenceOsteo-Clarens.jpg","width":800,"height":500,"caption":"PermanenceOsteo-Clarens"},{"@type":"BreadcrumbList","@id":"https:\/\/permanence-osteo.ch\/en\/clarens\/#breadcrumb","itemListElement":[{"@type":"ListItem","position":1,"name":"Accueil","item":"https:\/\/permanence-osteo.ch\/en\/osteopathy-7-days-a-week\/"},{"@type":"ListItem","position":2,"name":"Clarens"}]},{"@type":"WebSite","@id":"https:\/\/permanence-osteo.ch\/en\/#website","url":"https:\/\/permanence-osteo.ch\/en\/","name":"Permanence-Osteo.ch","description":"R\u00e9servations 7 jours sur 7 - Votre ost\u00e9opathe pr\u00e8s de chez vous.","publisher":{"@id":"https:\/\/permanence-osteo.ch\/en\/#organization"},"potentialAction":[{"@type":"SearchAction","target":{"@type":"EntryPoint","urlTemplate":"https:\/\/permanence-osteo.ch\/en\/?s={search_term_string}"},"query-input":{"@type":"PropertyValueSpecification","valueRequired":true,"valueName":"search_term_string"}}],"inLanguage":"en-US"},{"@type":"Organization","@id":"https:\/\/permanence-osteo.ch\/en\/#organization","name":"Permanence-Osteo.ch","url":"https:\/\/permanence-osteo.ch\/en\/","logo":{"@type":"ImageObject","inLanguage":"en-US","@id":"https:\/\/permanence-osteo.ch\/en\/#\/schema\/logo\/image\/","url":"https:\/\/permanence-osteo.ch\/wp-content\/uploads\/2023\/01\/Logo1Carre.png","contentUrl":"https:\/\/permanence-osteo.ch\/wp-content\/uploads\/2023\/01\/Logo1Carre.png","width":900,"height":900,"caption":"Permanence-Osteo.ch"},"image":{"@id":"https:\/\/permanence-osteo.ch\/en\/#\/schema\/logo\/image\/"}}]}},"_links":{"self":[{"href":"https:\/\/permanence-osteo.ch\/en\/wp-json\/wp\/v2\/pages\/607","targetHints":{"allow":["GET"]}}],"collection":[{"href":"https:\/\/permanence-osteo.ch\/en\/wp-json\/wp\/v2\/pages"}],"about":[{"href":"https:\/\/permanence-osteo.ch\/en\/wp-json\/wp\/v2\/types\/page"}],"author":[{"embeddable":true,"href":"https:\/\/permanence-osteo.ch\/en\/wp-json\/wp\/v2\/users\/1"}],"replies":[{"embeddable":true,"href":"https:\/\/permanence-osteo.ch\/en\/wp-json\/wp\/v2\/comments?post=607"}],"version-history":[{"count":4,"href":"https:\/\/permanence-osteo.ch\/en\/wp-json\/wp\/v2\/pages\/607\/revisions"}],"predecessor-version":[{"id":722,"href":"https:\/\/permanence-osteo.ch\/en\/wp-json\/wp\/v2\/pages\/607\/revisions\/722"}],"wp:featuredmedia":[{"embeddable":true,"href":"https:\/\/permanence-osteo.ch\/en\/wp-json\/wp\/v2\/media\/564"}],"wp:attachment":[{"href":"https:\/\/permanence-osteo.ch\/en\/wp-json\/wp\/v2\/media?parent=607"}],"curies":[{"name":"wp","href":"https:\/\/api.w.org\/{rel}","templated":true}]}}