{"id":769,"date":"2025-03-26T13:04:56","date_gmt":"2025-03-26T12:04:56","guid":{"rendered":"https:\/\/permanence-osteo.ch\/?page_id=769"},"modified":"2025-03-26T13:58:32","modified_gmt":"2025-03-26T12:58:32","slug":"your-town-here","status":"publish","type":"page","link":"https:\/\/permanence-osteo.ch\/en\/your-town-here\/","title":{"rendered":"Your town here?"},"content":{"rendered":"<p>[et_pb_section fb_built=&#8221;1&#8243; _builder_version=&#8221;4.19.5&#8243; _module_preset=&#8221;default&#8221; min_height=&#8221;240px&#8221; global_colors_info=&#8221;{}&#8221;][et_pb_row column_structure=&#8221;1_4,3_4&#8243; make_equal=&#8221;on&#8221; _builder_version=&#8221;4.19.5&#8243; _module_preset=&#8221;default&#8221; global_colors_info=&#8221;{}&#8221;][et_pb_column type=&#8221;1_4&#8243; _builder_version=&#8221;4.19.5&#8243; _module_preset=&#8221;default&#8221; global_colors_info=&#8221;{}&#8221;][et_pb_image src=&#8221;https:\/\/permanence-osteo.ch\/wp-content\/uploads\/2025\/03\/votre-ville-ici.jpg&#8221; alt=&#8221;PermanenceOsteo-Montreux&#8221; title_text=&#8221;your-city-here&#8221; _builder_version=&#8221;4.27.4&#8243; _module_preset=&#8221;default&#8221; global_colors_info=&#8221;{}&#8221;][\/et_pb_image][\/et_pb_column][et_pb_column type=&#8221;3_4&#8243; _builder_version=&#8221;4.19.5&#8243; _module_preset=&#8221;default&#8221; global_colors_info=&#8221;{}&#8221;][et_pb_cta title=&#8221;Permanence-Osteo.ch &#8211; Your city&#8221; button_text=&#8221;Clicks&#8221; _builder_version=&#8221;4.27.4&#8243; _module_preset=&#8221;default&#8221; custom_padding=&#8221;||23px|||&#8221; global_colors_info=&#8221;{}&#8221;]<\/p>\n<p>Your practice listed on this page.<\/p>\n<p>[\/et_pb_cta][\/et_pb_column][\/et_pb_row][\/et_pb_section][et_pb_section fb_built=&#8221;1&#8243; _builder_version=&#8221;4.19.5&#8243; _module_preset=&#8221;default&#8221; custom_padding=&#8221;0px||25px|||&#8221; global_colors_info=&#8221;{}&#8221;][et_pb_row _builder_version=&#8221;4.19.5&#8243; _module_preset=&#8221;default&#8221; global_colors_info=&#8221;{}&#8221;][et_pb_column type=&#8221;4_4&#8243; _builder_version=&#8221;4.19.5&#8243; _module_preset=&#8221;default&#8221; global_colors_info=&#8221;{}&#8221;][et_pb_slider use_bg_overlay=&#8221;on&#8221; use_text_overlay=&#8221;on&#8221; _builder_version=&#8221;4.27.4&#8243; _module_preset=&#8221;default&#8221; background_image=&#8221;https:\/\/permanence-osteo.ch\/wp-content\/uploads\/2023\/01\/LesAteliers.jpg&#8221; global_colors_info=&#8221;{}&#8221;][et_pb_slide heading=&#8221;Your practice here&#8221; button_text=&#8221;Make an appointment&#8221; button_link=&#8221;#onedoc&#8221; _builder_version=&#8221;4.27.4&#8243; _module_preset=&#8221;default&#8221; global_colors_info=&#8221;{}&#8221; sticky_transition=&#8221;on&#8221;]<\/p>\n<p>Your address in Switzerland<\/p>\n<p>[\/et_pb_slide][\/et_pb_slider][\/et_pb_column][\/et_pb_row][et_pb_row module_id=&#8221;onedoc&#8221; _builder_version=&#8221;4.19.5&#8243; _module_preset=&#8221;default&#8221; global_colors_info=&#8221;{}&#8221;][et_pb_column type=&#8221;4_4&#8243; _builder_version=&#8221;4.19.5&#8243; _module_preset=&#8221;default&#8221; global_colors_info=&#8221;{}&#8221;][et_pb_code _builder_version=&#8221;4.27.4&#8243; _module_preset=&#8221;default&#8221; global_colors_info=&#8221;{}&#8221;]Your online appointment booking module, inserted here.[\/et_pb_code][et_pb_toggle title=&#8221;Rates&#8221; _builder_version=&#8221;4.27.4&#8243; _module_preset=&#8221;default&#8221; global_colors_info=&#8221;{}&#8221;]<\/p>\n<p>Your prices here<\/p>\n<p>[\/et_pb_toggle][et_pb_toggle title=&#8221;Access&#8221; open=&#8221;on&#8221; _builder_version=&#8221;4.27.4&#8243; _module_preset=&#8221;default&#8221; global_colors_info=&#8221;{}&#8221;]Your access map[\/et_pb_toggle][et_pb_button button_url=&#8221;#&#8221; button_text=&#8221;More information on %91your site%93&#8243; _builder_version=&#8221;4.27.4&#8243; _module_preset=&#8221;default&#8221; global_colors_info=&#8221;{}&#8221;][\/et_pb_button][et_pb_divider _builder_version=&#8221;4.19.5&#8243; _module_preset=&#8221;default&#8221; global_colors_info=&#8221;{}&#8221;][\/et_pb_divider][\/et_pb_column][\/et_pb_row][\/et_pb_section][et_pb_section fb_built=&#8221;1&#8243; _builder_version=&#8221;4.19.5&#8243; _module_preset=&#8221;default&#8221; custom_padding=&#8221;12px|||||&#8221; global_colors_info=&#8221;{}&#8221;][et_pb_row _builder_version=&#8221;4.19.5&#8243; _module_preset=&#8221;default&#8221; global_colors_info=&#8221;{}&#8221;][et_pb_column type=&#8221;4_4&#8243; _builder_version=&#8221;4.19.5&#8243; _module_preset=&#8221;default&#8221; global_colors_info=&#8221;{}&#8221;][et_pb_text _builder_version=&#8221;4.27.4&#8243; _module_preset=&#8221;default&#8221; hover_enabled=&#8221;0&#8243; global_colors_info=&#8221;{}&#8221; sticky_enabled=&#8221;0&#8243;]<\/p>\n<p>Our referral solution for your osteopathic practice. <a href=\"https:\/\/permanence-osteo.ch\/en\/#contact\">Contact us<\/a> for a detailed offer.<\/p>\n<p>[\/et_pb_text][\/et_pb_column][\/et_pb_row][\/et_pb_section]<\/p>\n","protected":false},"excerpt":{"rendered":"<p>Discover our referencing solution for osteopathic Permanences.<\/p>\n","protected":false},"author":1,"featured_media":797,"parent":0,"menu_order":0,"comment_status":"closed","ping_status":"closed","template":"","meta":{"_et_pb_use_builder":"on","_et_pb_old_content":"","_et_gb_content_width":"","footnotes":""},"class_list":["post-769","page","type-page","status-publish","has-post-thumbnail","hentry"],"yoast_head":"<!-- This site is optimized with the Yoast SEO plugin v27.4 - https:\/\/yoast.com\/product\/yoast-seo-wordpress\/ -->\n<title>Permanence-Osteo.ch \u2014 Your town here?<\/title>\n<meta name=\"description\" content=\"Osteopath near Your town here? - Online reservations, 7 days a week. - Permanence-Osteo.ch\" \/>\n<meta name=\"robots\" content=\"index, follow, max-snippet:-1, max-image-preview:large, max-video-preview:-1\" \/>\n<link rel=\"canonical\" href=\"https:\/\/permanence-osteo.ch\/en\/your-town-here\/\" \/>\n<meta property=\"og:locale\" content=\"en_US\" \/>\n<meta property=\"og:type\" content=\"article\" \/>\n<meta property=\"og:title\" content=\"Permanence-Osteo.ch \u2014 Your town here?\" \/>\n<meta property=\"og:description\" content=\"Osteopath near Your town here? - Online reservations, 7 days a week. - Permanence-Osteo.ch\" \/>\n<meta property=\"og:url\" content=\"https:\/\/permanence-osteo.ch\/en\/your-town-here\/\" \/>\n<meta property=\"og:site_name\" content=\"Permanence-Osteo.ch\" \/>\n<meta property=\"article:modified_time\" content=\"2025-03-26T12:58:32+00:00\" \/>\n<meta property=\"og:image\" content=\"https:\/\/permanence-osteo.ch\/wp-content\/uploads\/2025\/03\/votre-ville-ici.jpg\" \/>\n\t<meta property=\"og:image:width\" content=\"800\" \/>\n\t<meta property=\"og:image:height\" content=\"500\" \/>\n\t<meta property=\"og:image:type\" content=\"image\/jpeg\" \/>\n<meta name=\"twitter:card\" content=\"summary_large_image\" \/>\n<meta name=\"twitter:label1\" content=\"Est. reading time\" \/>\n\t<meta name=\"twitter:data1\" content=\"2 minutes\" \/>\n<script type=\"application\/ld+json\" class=\"yoast-schema-graph\">{\"@context\":\"https:\\\/\\\/schema.org\",\"@graph\":[{\"@type\":\"WebPage\",\"@id\":\"https:\\\/\\\/permanence-osteo.ch\\\/en\\\/your-town-here\\\/\",\"url\":\"https:\\\/\\\/permanence-osteo.ch\\\/en\\\/your-town-here\\\/\",\"name\":\"Permanence-Osteo.ch \u2014 Your town here?\",\"isPartOf\":{\"@id\":\"https:\\\/\\\/permanence-osteo.ch\\\/en\\\/#website\"},\"primaryImageOfPage\":{\"@id\":\"https:\\\/\\\/permanence-osteo.ch\\\/en\\\/your-town-here\\\/#primaryimage\"},\"image\":{\"@id\":\"https:\\\/\\\/permanence-osteo.ch\\\/en\\\/your-town-here\\\/#primaryimage\"},\"thumbnailUrl\":\"https:\\\/\\\/permanence-osteo.ch\\\/wp-content\\\/uploads\\\/2025\\\/03\\\/votre-ville-ici.jpg\",\"datePublished\":\"2025-03-26T12:04:56+00:00\",\"dateModified\":\"2025-03-26T12:58:32+00:00\",\"description\":\"Osteopath near Your town here? - Online reservations, 7 days a week. - Permanence-Osteo.ch\",\"breadcrumb\":{\"@id\":\"https:\\\/\\\/permanence-osteo.ch\\\/en\\\/your-town-here\\\/#breadcrumb\"},\"inLanguage\":\"en-US\",\"potentialAction\":[{\"@type\":\"ReadAction\",\"target\":[\"https:\\\/\\\/permanence-osteo.ch\\\/en\\\/your-town-here\\\/\"]}]},{\"@type\":\"ImageObject\",\"inLanguage\":\"en-US\",\"@id\":\"https:\\\/\\\/permanence-osteo.ch\\\/en\\\/your-town-here\\\/#primaryimage\",\"url\":\"https:\\\/\\\/permanence-osteo.ch\\\/wp-content\\\/uploads\\\/2025\\\/03\\\/votre-ville-ici.jpg\",\"contentUrl\":\"https:\\\/\\\/permanence-osteo.ch\\\/wp-content\\\/uploads\\\/2025\\\/03\\\/votre-ville-ici.jpg\",\"width\":800,\"height\":500},{\"@type\":\"BreadcrumbList\",\"@id\":\"https:\\\/\\\/permanence-osteo.ch\\\/en\\\/your-town-here\\\/#breadcrumb\",\"itemListElement\":[{\"@type\":\"ListItem\",\"position\":1,\"name\":\"Accueil\",\"item\":\"https:\\\/\\\/permanence-osteo.ch\\\/en\\\/osteopathy-7-days-a-week\\\/\"},{\"@type\":\"ListItem\",\"position\":2,\"name\":\"Your town here?\"}]},{\"@type\":\"WebSite\",\"@id\":\"https:\\\/\\\/permanence-osteo.ch\\\/en\\\/#website\",\"url\":\"https:\\\/\\\/permanence-osteo.ch\\\/en\\\/\",\"name\":\"Permanence-Osteo.ch\",\"description\":\"R\u00e9servations 7 jours sur 7 - Votre ost\u00e9opathe pr\u00e8s de chez vous.\",\"publisher\":{\"@id\":\"https:\\\/\\\/permanence-osteo.ch\\\/en\\\/#organization\"},\"potentialAction\":[{\"@type\":\"SearchAction\",\"target\":{\"@type\":\"EntryPoint\",\"urlTemplate\":\"https:\\\/\\\/permanence-osteo.ch\\\/en\\\/?s={search_term_string}\"},\"query-input\":{\"@type\":\"PropertyValueSpecification\",\"valueRequired\":true,\"valueName\":\"search_term_string\"}}],\"inLanguage\":\"en-US\"},{\"@type\":\"Organization\",\"@id\":\"https:\\\/\\\/permanence-osteo.ch\\\/en\\\/#organization\",\"name\":\"Permanence-Osteo.ch\",\"url\":\"https:\\\/\\\/permanence-osteo.ch\\\/en\\\/\",\"logo\":{\"@type\":\"ImageObject\",\"inLanguage\":\"en-US\",\"@id\":\"https:\\\/\\\/permanence-osteo.ch\\\/en\\\/#\\\/schema\\\/logo\\\/image\\\/\",\"url\":\"https:\\\/\\\/permanence-osteo.ch\\\/wp-content\\\/uploads\\\/2023\\\/01\\\/Logo1Carre.png\",\"contentUrl\":\"https:\\\/\\\/permanence-osteo.ch\\\/wp-content\\\/uploads\\\/2023\\\/01\\\/Logo1Carre.png\",\"width\":900,\"height\":900,\"caption\":\"Permanence-Osteo.ch\"},\"image\":{\"@id\":\"https:\\\/\\\/permanence-osteo.ch\\\/en\\\/#\\\/schema\\\/logo\\\/image\\\/\"}}]}<\/script>\n<!-- \/ Yoast SEO plugin. -->","yoast_head_json":{"title":"Permanence-Osteo.ch \u2014 Your town here?","description":"Osteopath near Your town here? - Online reservations, 7 days a week. - Permanence-Osteo.ch","robots":{"index":"index","follow":"follow","max-snippet":"max-snippet:-1","max-image-preview":"max-image-preview:large","max-video-preview":"max-video-preview:-1"},"canonical":"https:\/\/permanence-osteo.ch\/en\/your-town-here\/","og_locale":"en_US","og_type":"article","og_title":"Permanence-Osteo.ch \u2014 Your town here?","og_description":"Osteopath near Your town here? - Online reservations, 7 days a week. - Permanence-Osteo.ch","og_url":"https:\/\/permanence-osteo.ch\/en\/your-town-here\/","og_site_name":"Permanence-Osteo.ch","article_modified_time":"2025-03-26T12:58:32+00:00","og_image":[{"width":800,"height":500,"url":"https:\/\/permanence-osteo.ch\/wp-content\/uploads\/2025\/03\/votre-ville-ici.jpg","type":"image\/jpeg"}],"twitter_card":"summary_large_image","twitter_misc":{"Est. reading time":"2 minutes"},"schema":{"@context":"https:\/\/schema.org","@graph":[{"@type":"WebPage","@id":"https:\/\/permanence-osteo.ch\/en\/your-town-here\/","url":"https:\/\/permanence-osteo.ch\/en\/your-town-here\/","name":"Permanence-Osteo.ch \u2014 Your town here?","isPartOf":{"@id":"https:\/\/permanence-osteo.ch\/en\/#website"},"primaryImageOfPage":{"@id":"https:\/\/permanence-osteo.ch\/en\/your-town-here\/#primaryimage"},"image":{"@id":"https:\/\/permanence-osteo.ch\/en\/your-town-here\/#primaryimage"},"thumbnailUrl":"https:\/\/permanence-osteo.ch\/wp-content\/uploads\/2025\/03\/votre-ville-ici.jpg","datePublished":"2025-03-26T12:04:56+00:00","dateModified":"2025-03-26T12:58:32+00:00","description":"Osteopath near Your town here? - Online reservations, 7 days a week. - Permanence-Osteo.ch","breadcrumb":{"@id":"https:\/\/permanence-osteo.ch\/en\/your-town-here\/#breadcrumb"},"inLanguage":"en-US","potentialAction":[{"@type":"ReadAction","target":["https:\/\/permanence-osteo.ch\/en\/your-town-here\/"]}]},{"@type":"ImageObject","inLanguage":"en-US","@id":"https:\/\/permanence-osteo.ch\/en\/your-town-here\/#primaryimage","url":"https:\/\/permanence-osteo.ch\/wp-content\/uploads\/2025\/03\/votre-ville-ici.jpg","contentUrl":"https:\/\/permanence-osteo.ch\/wp-content\/uploads\/2025\/03\/votre-ville-ici.jpg","width":800,"height":500},{"@type":"BreadcrumbList","@id":"https:\/\/permanence-osteo.ch\/en\/your-town-here\/#breadcrumb","itemListElement":[{"@type":"ListItem","position":1,"name":"Accueil","item":"https:\/\/permanence-osteo.ch\/en\/osteopathy-7-days-a-week\/"},{"@type":"ListItem","position":2,"name":"Your town here?"}]},{"@type":"WebSite","@id":"https:\/\/permanence-osteo.ch\/en\/#website","url":"https:\/\/permanence-osteo.ch\/en\/","name":"Permanence-Osteo.ch","description":"R\u00e9servations 7 jours sur 7 - Votre ost\u00e9opathe pr\u00e8s de chez vous.","publisher":{"@id":"https:\/\/permanence-osteo.ch\/en\/#organization"},"potentialAction":[{"@type":"SearchAction","target":{"@type":"EntryPoint","urlTemplate":"https:\/\/permanence-osteo.ch\/en\/?s={search_term_string}"},"query-input":{"@type":"PropertyValueSpecification","valueRequired":true,"valueName":"search_term_string"}}],"inLanguage":"en-US"},{"@type":"Organization","@id":"https:\/\/permanence-osteo.ch\/en\/#organization","name":"Permanence-Osteo.ch","url":"https:\/\/permanence-osteo.ch\/en\/","logo":{"@type":"ImageObject","inLanguage":"en-US","@id":"https:\/\/permanence-osteo.ch\/en\/#\/schema\/logo\/image\/","url":"https:\/\/permanence-osteo.ch\/wp-content\/uploads\/2023\/01\/Logo1Carre.png","contentUrl":"https:\/\/permanence-osteo.ch\/wp-content\/uploads\/2023\/01\/Logo1Carre.png","width":900,"height":900,"caption":"Permanence-Osteo.ch"},"image":{"@id":"https:\/\/permanence-osteo.ch\/en\/#\/schema\/logo\/image\/"}}]}},"_links":{"self":[{"href":"https:\/\/permanence-osteo.ch\/en\/wp-json\/wp\/v2\/pages\/769","targetHints":{"allow":["GET"]}}],"collection":[{"href":"https:\/\/permanence-osteo.ch\/en\/wp-json\/wp\/v2\/pages"}],"about":[{"href":"https:\/\/permanence-osteo.ch\/en\/wp-json\/wp\/v2\/types\/page"}],"author":[{"embeddable":true,"href":"https:\/\/permanence-osteo.ch\/en\/wp-json\/wp\/v2\/users\/1"}],"replies":[{"embeddable":true,"href":"https:\/\/permanence-osteo.ch\/en\/wp-json\/wp\/v2\/comments?post=769"}],"version-history":[{"count":8,"href":"https:\/\/permanence-osteo.ch\/en\/wp-json\/wp\/v2\/pages\/769\/revisions"}],"predecessor-version":[{"id":827,"href":"https:\/\/permanence-osteo.ch\/en\/wp-json\/wp\/v2\/pages\/769\/revisions\/827"}],"wp:featuredmedia":[{"embeddable":true,"href":"https:\/\/permanence-osteo.ch\/en\/wp-json\/wp\/v2\/media\/797"}],"wp:attachment":[{"href":"https:\/\/permanence-osteo.ch\/en\/wp-json\/wp\/v2\/media?parent=769"}],"curies":[{"name":"wp","href":"https:\/\/api.w.org\/{rel}","templated":true}]}}